{"id":26,"date":"2016-02-04T12:07:02","date_gmt":"2016-02-04T10:07:02","guid":{"rendered":"http:\/\/www.technotherm.com.tr\/?page_id=26"},"modified":"2017-03-02T17:17:40","modified_gmt":"2017-03-02T15:17:40","slug":"iletisim","status":"publish","type":"page","link":"http:\/\/www.technotherm.com.tr\/en\/iletisim\/","title":{"rendered":"Contact"},"content":{"rendered":"<div id=\"pl-26\"  class=\"panel-layout\" ><div id=\"pg-26-0\"  class=\"panel-grid panel-no-style\" ><div id=\"pgc-26-0-0\"  class=\"panel-grid-cell\" ><div id=\"panel-26-0-0-0\" class=\"so-panel widget widget_sow-image panel-first-child\" data-index=\"0\" ><div\n\t\t\t\n\t\t\tclass=\"so-widget-sow-image so-widget-sow-image-default-8b5b6f678277-26\"\n\t\t\t\n\t\t>\n<div class=\"sow-image-container\">\n\t\t<img \n\tsrc=\"http:\/\/www.technotherm.com.tr\/wp-content\/uploads\/2016\/02\/iletisim.jpg\" width=\"650\" height=\"150\" srcset=\"http:\/\/www.technotherm.com.tr\/wp-content\/uploads\/2016\/02\/iletisim.jpg 650w, http:\/\/www.technotherm.com.tr\/wp-content\/uploads\/2016\/02\/iletisim-300x69.jpg 300w, http:\/\/www.technotherm.com.tr\/wp-content\/uploads\/2016\/02\/iletisim-636x147.jpg 636w, http:\/\/www.technotherm.com.tr\/wp-content\/uploads\/2016\/02\/iletisim-320x74.jpg 320w, http:\/\/www.technotherm.com.tr\/wp-content\/uploads\/2016\/02\/iletisim-239x55.jpg 239w\" sizes=\"(max-width: 650px) 100vw, 650px\" alt=\"technotherm ileti\u015fim\" \t\tclass=\"so-widget-image\"\/>\n\t<\/div>\n\n<\/div><\/div><div id=\"panel-26-0-0-1\" class=\"so-panel widget widget_text\" data-index=\"1\" ><h3 class=\"widget-title\">TECHNOTHERM ISITMA S\u0130STEMLER\u0130 SAN. VE T\u0130C. LTD. \u015eT\u0130.<\/h3>\t\t\t<div class=\"textwidget\"><h3>ADRES: <\/h3>\n<p>\u015eeyhsinan Mh. \u015eehit Seyhan Y\u0131lmaz Sk. No:24\/2 \u00c7ORLU-TEK\u0130RDA\u011e<br \/>\n<strong>TEL\/FAX:<\/strong> +90 282 650 17 20<br \/>\n<strong>GSM:<\/strong> +90 544 654 15 45<\/p>\n<h3>E-MA\u0130L:<\/h3>\n<p>export@technotherm.com.tr<br \/>\nvasvidin@technotherm.com.tr<\/p>\n<\/div>\n\t\t<\/div><div id=\"panel-26-0-0-2\" class=\"so-panel widget widget_text\" data-index=\"2\" >\t\t\t<div class=\"textwidget\"><div id=\"g1-divider-1\" class=\"g1-divider g1-divider--simple g1-divider--noicon \"><\/div>\n<\/div>\n\t\t<\/div><div id=\"panel-26-0-0-3\" class=\"so-panel widget widget_text panel-last-child\" data-index=\"3\" >\t\t\t<div class=\"textwidget\"><div id=\"g1-message-1\" class=\"g1-message g1-message--info \" >\n<div class=\"g1-inner\">Do\u011falgaz tesisatlar\u0131, ihracat, s\u0131hhi tesisat melzemeleri, su tesisat\u0131 malzemeleri, \u00e7orlu, silivri, yang\u0131n s\u00f6nd\u00fcrme sistemleri, flex, i\u00e7me suyu sistemleri, paslanmaz flex hortum, pprc, radyat\u00f6r sistemleri, panel radyat\u00f6r, radyat\u00f6r fiyatlar\u0131 \u00e7orlu, radyat\u00f6r arkas\u0131, radyat\u00f6r vanas\u0131, radyat\u00f6r modelleri, do\u011falgaz tesisat\u00e7\u0131s\u0131, do\u011falgaz tesisat projesi, yang\u0131n s\u00f6nd\u00fcrme borular\u0131, kazakistan, rusya, bulgaristan, ihracat<\/div>\n<\/div>\n<\/div>\n\t\t<\/div><\/div><div id=\"pgc-26-0-1\"  class=\"panel-grid-cell\" ><div id=\"panel-26-0-1-0\" class=\"so-panel widget widget_text panel-first-child panel-last-child\" data-index=\"4\" ><h3 class=\"widget-title\">Online \u0130leti\u015fim<\/h3>\t\t\t<div class=\"textwidget\"><div role=\"form\" class=\"wpcf7\" id=\"wpcf7-f157-o1\" lang=\"tr-TR\" dir=\"ltr\">\n<div class=\"screen-reader-response\"><\/div>\n<form action=\"\/en\/wp-json\/wp\/v2\/pages\/26#wpcf7-f157-o1\" method=\"post\" class=\"wpcf7-form\" novalidate=\"novalidate\">\n<div style=\"display: none;\">\n<input type=\"hidden\" name=\"_wpcf7\" value=\"157\" \/><br \/>\n<input type=\"hidden\" name=\"_wpcf7_version\" value=\"4.6.1\" \/><br \/>\n<input type=\"hidden\" name=\"_wpcf7_locale\" value=\"tr_TR\" \/><br \/>\n<input type=\"hidden\" name=\"_wpcf7_unit_tag\" value=\"wpcf7-f157-o1\" \/><br \/>\n<input type=\"hidden\" name=\"_wpnonce\" value=\"d1618fc7d2\" \/>\n<\/div>\n<p>Ad\u0131n\u0131z (gerekli)<br \/>\n    <span class=\"wpcf7-form-control-wrap your-name\"><input type=\"text\" name=\"your-name\" value=\"\" size=\"40\" class=\"wpcf7-form-control wpcf7-text wpcf7-validates-as-required\" aria-required=\"true\" aria-invalid=\"false\" \/><\/span> <\/p>\n<p>Epostan\u0131z (gerekli)<br \/>\n    <span class=\"wpcf7-form-control-wrap your-email\"><input type=\"email\" name=\"your-email\" value=\"\" size=\"40\" class=\"wpcf7-form-control wpcf7-text wpcf7-email wpcf7-validates-as-required wpcf7-validates-as-email\" aria-required=\"true\" aria-invalid=\"false\" \/><\/span> <\/p>\n<p>Konu<br \/>\n    <span class=\"wpcf7-form-control-wrap your-subject\"><input type=\"text\" name=\"your-subject\" value=\"\" size=\"40\" class=\"wpcf7-form-control wpcf7-text\" aria-invalid=\"false\" \/><\/span> <\/p>\n<p>\u0130letiniz<br \/>\n    <span class=\"wpcf7-form-control-wrap your-message\"><textarea name=\"your-message\" cols=\"40\" rows=\"10\" class=\"wpcf7-form-control wpcf7-textarea\" aria-invalid=\"false\"><\/textarea><\/span> <\/p>\n<div class=\"wpcf7-form-control-wrap\">\n<div data-sitekey=\"6Le5jRkTAAAAAN7HbdmQntlLhz1bNJxmNodfIymR\" class=\"wpcf7-form-control g-recaptcha wpcf7-recaptcha\"><\/div>\n<p><noscript><\/p>\n<div style=\"width: 302px; height: 422px;\">\n<div style=\"width: 302px; height: 422px; position: relative;\">\n<div style=\"width: 302px; height: 422px; position: absolute;\">\n\t\t\t\t<iframe src=\"https:\/\/www.google.com\/recaptcha\/api\/fallback?k=6Le5jRkTAAAAAN7HbdmQntlLhz1bNJxmNodfIymR\" frameborder=\"0\" scrolling=\"no\" style=\"width:100%; height:422px; border-style: none;\"><br \/>\n\t\t\t\t<\/iframe>\n\t\t\t<\/div>\n<div style=\"width: 300px; height: 60px; border-style: none; bottom: 12px; left: 25px; margin: 0px; padding: 0px; right: 25px; background: #f9f9f9; border: 1px solid #c1c1c1; border-radius: 3px;\">\n\t\t\t\t<textarea id=\"g-recaptcha-response\" name=\"g-recaptcha-response\" class=\"g-recaptcha-response\" style=\"width: 250px; height: 40px; border: 1px solid #c1c1c1; margin: 10px 25px; padding: 0px; resize: none;\"><br \/>\n\t\t\t\t<\/textarea>\n\t\t\t<\/div>\n<\/p><\/div>\n<\/p><\/div>\n<p><\/noscript>\n<\/div>\n<p><input type=\"submit\" value=\"G\u00f6nder\" class=\"wpcf7-form-control wpcf7-submit\" \/><\/p>\n<div class=\"wpcf7-response-output wpcf7-display-none\"><\/div>\n<\/form>\n<\/div>\n<\/div>\n\t\t<\/div><\/div><\/div><\/div>","protected":false},"excerpt":{"rendered":"<p>ADRES: \u015eeyhsinan Mh. \u015eehit Seyhan Y\u0131lmaz Sk. No:24\/2 \u00c7ORLU-TEK\u0130RDA\u011e TEL\/FAX: +90 282 650 17 20 GSM: +90 544 654 15 45 E-MA\u0130L: export@technotherm.com.tr vasvidin@technotherm.com.tr<\/p>\n","protected":false},"author":1,"featured_media":0,"parent":0,"menu_order":0,"comment_status":"closed","ping_status":"closed","template":"g1_template_page_full.php","meta":{"ngg_post_thumbnail":0,"footnotes":""},"class_list":["post-26","page","type-page","status-publish"],"_links":{"self":[{"href":"http:\/\/www.technotherm.com.tr\/en\/wp-json\/wp\/v2\/pages\/26","targetHints":{"allow":["GET"]}}],"collection":[{"href":"http:\/\/www.technotherm.com.tr\/en\/wp-json\/wp\/v2\/pages"}],"about":[{"href":"http:\/\/www.technotherm.com.tr\/en\/wp-json\/wp\/v2\/types\/page"}],"author":[{"embeddable":true,"href":"http:\/\/www.technotherm.com.tr\/en\/wp-json\/wp\/v2\/users\/1"}],"replies":[{"embeddable":true,"href":"http:\/\/www.technotherm.com.tr\/en\/wp-json\/wp\/v2\/comments?post=26"}],"version-history":[{"count":15,"href":"http:\/\/www.technotherm.com.tr\/en\/wp-json\/wp\/v2\/pages\/26\/revisions"}],"predecessor-version":[{"id":608,"href":"http:\/\/www.technotherm.com.tr\/en\/wp-json\/wp\/v2\/pages\/26\/revisions\/608"}],"wp:attachment":[{"href":"http:\/\/www.technotherm.com.tr\/en\/wp-json\/wp\/v2\/media?parent=26"}],"curies":[{"name":"wp","href":"https:\/\/api.w.org\/{rel}","templated":true}]}}