{"id":7,"date":"2016-01-16T16:32:07","date_gmt":"2016-01-16T14:32:07","guid":{"rendered":"http:\/\/www.technotherm.com.tr\/?page_id=7"},"modified":"2025-07-15T22:08:53","modified_gmt":"2025-07-15T19:08:53","slug":"anasayfa","status":"publish","type":"page","link":"http:\/\/www.technotherm.com.tr\/en\/","title":{"rendered":"HOME"},"content":{"rendered":"<div id=\"pl-7\"  class=\"panel-layout\" ><div id=\"pg-7-0\"  class=\"panel-grid panel-no-style\" ><div id=\"pgc-7-0-0\"  class=\"panel-grid-cell\" ><div id=\"panel-7-0-0-0\" class=\"so-panel widget widget_sow-features panel-first-child panel-last-child\" data-index=\"0\" ><div\n\t\t\t\n\t\t\tclass=\"so-widget-sow-features so-widget-sow-features-default-e7f9eca89421-7\"\n\t\t\t\n\t\t><ul\n\tclass=\"sow-features-list\n\tsow-features-responsive\">\n\n\t\t\t<li\n\t\t\tclass=\"sow-features-feature sow-icon-container-position-top\"\n\t\t\tstyle=\"display: flex; flex-direction: column; width: calc(33.333% - 25px);\"\n\t\t>\n\t\t\t\n\t\t\t\t\t\t\t<div class=\"sow-features-feature-right-left-container\" style=\"display: flex; flex-direction: inherit;\">\n\t\t\t\t\t\t\t<div\t\t\t\tclass=\"sow-icon-container sow-container-rounded-square\"\n\t\t\t\tstyle=\"color: #404040; \"\n\t\t\t\t\n\t\t\t\t\t\t\t>\n\t\t\t\t\t\t\t<\/div>\n\n\t\t\t<div class=\"textwidget\">\n\t\t\t\t\t\t\t\t\t<div class=\"sow-features-feature-content\">\n\t\t\t\t\n\t\t\t\t\t\t\t\t\t<h5 class=\"sow-features-feature-title\">\n\t\t\t\t\t\t\u00dcr\u00fcn Yelpazemiz\t\t\t\t\t<\/h5>\n\t\t\t\t\n\t\t\t\t\t\t\t\t\t<div class=\"sow-features-feature-text\">\n\t\t\t\t\tTechnotherm'deki \u00fcr\u00fcn \u00e7e\u015fitlili\u011fi hi\u00e7bir yerde yok! Her t\u00fcrl\u00fc do\u011falgaz , i\u00e7me suyu , yang\u0131n tesisatlar\u0131 ile in\u015faat ve sanayide kullan\u0131lan bir\u00e7ok teknik \u00fcr\u00fcnlerden armat\u00fcrlere, paslanmaz flexlerden topraklama \u00fcr\u00fcnlerine kadar her t\u00fcrl\u00fc  malzemeye kadar kalite standartlar\u0131 y\u00fcksek ve t\u00e2bir gere\u011fi say\u0131s\u0131z \u00fcr\u00fcn \u00e7e\u015fidimiz var.\t\t\t\t\t<\/div>\n\t\t\t\t\t\t\t\t\t\t<\/div>\n\t\t\t\t\t<p class=\"sow-more-text\">\n\t\t\t\t\t\t<a href=\"http:\/\/www.technotherm.com.tr\/urunler\/\" >\t\t\t\t\t\tdevam\u0131\t\t\t\t\t\t<\/a>\t\t\t\t\t<\/p>\n\t\t\t\t\t\t\t<\/div>\n\t\t\t\t\t\t\t<\/div>\n\t\t\t\t\t\t\t\t<\/li>\n\n\t\t\t<li\n\t\t\tclass=\"sow-features-feature sow-icon-container-position-top\"\n\t\t\tstyle=\"display: flex; flex-direction: column; width: calc(33.333% - 25px);\"\n\t\t>\n\t\t\t\n\t\t\t\t\t\t\t<div class=\"sow-features-feature-right-left-container\" style=\"display: flex; flex-direction: inherit;\">\n\t\t\t\t\t\t\t<div\t\t\t\tclass=\"sow-icon-container sow-container-rounded-square\"\n\t\t\t\tstyle=\"color: #404040; \"\n\t\t\t\t\n\t\t\t\t\t\t\t>\n\t\t\t\t<span class=\"sow-icon-icomoon\" data-sow-icon=\"&#xe949;\"\n\t\tstyle=\"font-size: 60px; color: #FFFFFF\" \n\t\taria-hidden=\"true\"><\/span>\t\t\t<\/div>\n\n\t\t\t<div class=\"textwidget\">\n\t\t\t\t\t\t\t\t\t<div class=\"sow-features-feature-content\">\n\t\t\t\t\n\t\t\t\t\t\t\t\t\t<h5 class=\"sow-features-feature-title\">\n\t\t\t\t\t\tHer Yerdeyiz!\t\t\t\t\t<\/h5>\n\t\t\t\t\n\t\t\t\t\t\t\t\t\t<div class=\"sow-features-feature-text\">\n\t\t\t\t\tSay\u0131s\u0131z \u00fcr\u00fcn \u00e7e\u015fidimizi co\u011frafya g\u00f6zetmeksizin sizlere ula\u015ft\u0131rmay\u0131 hedeflerimizin aras\u0131na koyduk. Sadece \u00c7orlu veya  Trakya de\u011fil, \u00f6ncelikle do\u011fusundan bat\u0131s\u0131na, kuzeyinden g\u00fcneyine \u00fclkemizin her noktas\u0131na, sonra ise s\u0131n\u0131rlar\u0131n \u00f6tesine, Avrupa, Asya, Afrika \u00fclkelerine, k\u0131saca kaliteli \u00fcr\u00fcn isteyen her yere ta\u015f\u0131yaca\u011f\u0131z.\t\t\t\t\t<\/div>\n\t\t\t\t\t\t\t\t\t\t<\/div>\n\t\t\t\t\t<p class=\"sow-more-text\">\n\t\t\t\t\t\t<a href=\"http:\/\/www.technotherm.com.tr\/hakkimizda\/\" >\t\t\t\t\t\tdevam\u0131\t\t\t\t\t\t<\/a>\t\t\t\t\t<\/p>\n\t\t\t\t\t\t\t<\/div>\n\t\t\t\t\t\t\t<\/div>\n\t\t\t\t\t\t\t\t<\/li>\n\n\t\t\t<li\n\t\t\tclass=\"sow-features-feature sow-icon-container-position-top\"\n\t\t\tstyle=\"display: flex; flex-direction: column; width: calc(33.333% - 25px);\"\n\t\t>\n\t\t\t\n\t\t\t\t\t\t\t<div class=\"sow-features-feature-right-left-container\" style=\"display: flex; flex-direction: inherit;\">\n\t\t\t\t\t\t\t<div\t\t\t\tclass=\"sow-icon-container sow-container-rounded-square\"\n\t\t\t\tstyle=\"color: #404040; \"\n\t\t\t\t\n\t\t\t\t\t\t\t>\n\t\t\t\t<span class=\"sow-icon-icomoon\" data-sow-icon=\"&#xe991;\"\n\t\tstyle=\"font-size: 60px; color: #FFFFFF\" \n\t\taria-hidden=\"true\"><\/span>\t\t\t<\/div>\n\n\t\t\t<div class=\"textwidget\">\n\t\t\t\t\t\t\t\t\t<div class=\"sow-features-feature-content\">\n\t\t\t\t\n\t\t\t\t\t\t\t\t\t<h5 class=\"sow-features-feature-title\">\n\t\t\t\t\t\tBize Ula\u015f\u0131n\t\t\t\t\t<\/h5>\n\t\t\t\t\n\t\t\t\t\t\t\t\t\t<div class=\"sow-features-feature-text\">\n\t\t\t\t\tTechnotherm ailesi olarak sadece \u00fcr\u00fcn sat\u0131\u015f\u0131 de\u011fil, bir anlamda da teknik bilgi edinmeniz i\u00e7in sizlere yard\u0131m etmek istiyoruz. Do\u011falgaz, yang\u0131n ve s\u0131hhi tesisat alanlar\u0131nda, flex \u00e7e\u015fitleriyle ilgili her t\u00fcrl\u00fc teknik bilgiye sahibiz. Bize gerek sitemizin ileti\u015fim sayfas\u0131ndan gerekse telefon kanal\u0131yla ula\u015fabilirsiniz. \t\t\t\t\t<\/div>\n\t\t\t\t\t\t\t\t\t\t<\/div>\n\t\t\t\t\t<p class=\"sow-more-text\">\n\t\t\t\t\t\t<a href=\"http:\/\/www.technotherm.com.tr\/iletisim\/\" >\t\t\t\t\t\tdevam\u0131\t\t\t\t\t\t<\/a>\t\t\t\t\t<\/p>\n\t\t\t\t\t\t\t<\/div>\n\t\t\t\t\t\t\t<\/div>\n\t\t\t\t\t\t\t\t<\/li>\n\n\t<\/ul>\n<\/div><\/div><\/div><\/div><div id=\"pg-7-1\"  class=\"panel-grid panel-no-style\" ><div id=\"pgc-7-1-0\"  class=\"panel-grid-cell\" ><div id=\"panel-7-1-0-0\" class=\"so-panel widget widget_text panel-first-child\" data-index=\"1\" >\t\t\t<div class=\"textwidget\"><div id=\"g1-divider-1\" class=\"g1-divider g1-divider--simple g1-divider--noicon \"><\/div><\/div>\n\t\t<\/div><div id=\"panel-7-1-0-1\" class=\"so-panel widget widget_sow-image\" data-index=\"2\" ><div\n\t\t\t\n\t\t\tclass=\"so-widget-sow-image so-widget-sow-image-default-c67d20f9f743-7\"\n\t\t\t\n\t\t>\n<div class=\"sow-image-container\">\n\t\t<img \n\tsrc=\"http:\/\/www.technotherm.com.tr\/wp-content\/uploads\/2016\/01\/main.jpg\" width=\"850\" height=\"150\" srcset=\"http:\/\/www.technotherm.com.tr\/wp-content\/uploads\/2016\/01\/main.jpg 850w, http:\/\/www.technotherm.com.tr\/wp-content\/uploads\/2016\/01\/main-300x53.jpg 300w, http:\/\/www.technotherm.com.tr\/wp-content\/uploads\/2016\/01\/main-768x136.jpg 768w, http:\/\/www.technotherm.com.tr\/wp-content\/uploads\/2016\/01\/main-636x112.jpg 636w, http:\/\/www.technotherm.com.tr\/wp-content\/uploads\/2016\/01\/main-320x56.jpg 320w, http:\/\/www.technotherm.com.tr\/wp-content\/uploads\/2016\/01\/main-239x42.jpg 239w\" sizes=\"(max-width: 850px) 100vw, 850px\" alt=\"\" \t\tclass=\"so-widget-image\"\/>\n\t<\/div>\n\n<\/div><\/div><div id=\"panel-7-1-0-2\" class=\"so-panel widget widget_text\" data-index=\"3\" >\t\t\t<div class=\"textwidget\"><div id=\"g1-divider-2\" class=\"g1-divider g1-divider--simple g1-divider--noicon \"><\/div><\/div>\n\t\t<\/div><div id=\"panel-7-1-0-3\" class=\"so-panel widget widget_text\" data-index=\"4\" >\t\t\t<div class=\"textwidget\"><div id=\"g1-message-1\" class=\"g1-message g1-message--info \" ><div class=\"g1-inner\">Do\u011falgaz tesisatlar\u0131, ihracat, s\u0131hhi tesisat melzemeleri, su tesisat\u0131 malzemeleri, \u00e7orlu, silivri, yang\u0131n s\u00f6nd\u00fcrme sistemleri, flex, i\u00e7me suyu sistemleri, paslanmaz flex hortum, pprc, radyat\u00f6r sistemleri, panel radyat\u00f6r, radyat\u00f6r fiyatlar\u0131 \u00e7orlu, radyat\u00f6r arkas\u0131, radyat\u00f6r vanas\u0131, radyat\u00f6r modelleri, do\u011falgaz tesisat\u00e7\u0131s\u0131, do\u011falgaz tesisat projesi, yang\u0131n s\u00f6nd\u00fcrme borular\u0131, kazakistan, rusya, bulgaristan, ihracat<\/div><\/div><\/div>\n\t\t<\/div><div id=\"panel-7-1-0-4\" class=\"so-panel widget widget_text\" data-index=\"5\" >\t\t\t<div class=\"textwidget\"><div id=\"g1-divider-3\" class=\"g1-divider g1-divider--simple g1-divider--noicon \"><\/div><\/div>\n\t\t<\/div><div id=\"panel-7-1-0-5\" class=\"so-panel widget widget_text panel-last-child\" data-index=\"6\" >\t\t\t<div class=\"textwidget\"><a id=\"g1-button-1\" class=\"g1-button g1-button--big g1-button--solid g1-button--wide \" href=\"http:\/\/www.technotherm.com.tr\/iletisim\/\" >Merak Ettikleriniz \u0130\u00e7in Bize Yaz\u0131n veya Aray\u0131n! <small>\u00dcr\u00fcn gruplar\u0131m\u0131zla alakal\u0131 her t\u00fcrl\u00fc sorular\u0131n\u0131z\u0131 cevaplayaca\u011f\u0131z.<\/small><\/a><\/div>\n\t\t<\/div><\/div><\/div><\/div>","protected":false},"excerpt":{"rendered":"<p>\u00dcr\u00fcn Yelpazemiz Technotherm&#8217;deki \u00fcr\u00fcn \u00e7e\u015fitlili\u011fi hi\u00e7bir yerde yok! Her t\u00fcrl\u00fc do\u011falgaz , i\u00e7me suyu , yang\u0131n tesisatlar\u0131 ile in\u015faat ve sanayide kullan\u0131lan bir\u00e7ok teknik \u00fcr\u00fcnlerden armat\u00fcrlere, paslanmaz flexlerden topraklama \u00fcr\u00fcnlerine kadar her t\u00fcrl\u00fc malzemeye kadar kalite standartlar\u0131 y\u00fcksek ve t\u00e2bir gere\u011fi say\u0131s\u0131z \u00fcr\u00fcn \u00e7e\u015fidimiz var. devam\u0131 Her Yerdeyiz! Say\u0131s\u0131z \u00fcr\u00fcn \u00e7e\u015fidimizi co\u011frafya g\u00f6zetmeksizin sizlere ula\u015ft\u0131rmay\u0131 [&hellip;]<\/p>\n","protected":false},"author":1,"featured_media":0,"parent":0,"menu_order":0,"comment_status":"closed","ping_status":"closed","template":"g1_template_page_full.php","meta":{"ngg_post_thumbnail":0,"footnotes":""},"class_list":["post-7","page","type-page","status-publish"],"_links":{"self":[{"href":"http:\/\/www.technotherm.com.tr\/en\/wp-json\/wp\/v2\/pages\/7","targetHints":{"allow":["GET"]}}],"collection":[{"href":"http:\/\/www.technotherm.com.tr\/en\/wp-json\/wp\/v2\/pages"}],"about":[{"href":"http:\/\/www.technotherm.com.tr\/en\/wp-json\/wp\/v2\/types\/page"}],"author":[{"embeddable":true,"href":"http:\/\/www.technotherm.com.tr\/en\/wp-json\/wp\/v2\/users\/1"}],"replies":[{"embeddable":true,"href":"http:\/\/www.technotherm.com.tr\/en\/wp-json\/wp\/v2\/comments?post=7"}],"version-history":[{"count":13,"href":"http:\/\/www.technotherm.com.tr\/en\/wp-json\/wp\/v2\/pages\/7\/revisions"}],"predecessor-version":[{"id":2763,"href":"http:\/\/www.technotherm.com.tr\/en\/wp-json\/wp\/v2\/pages\/7\/revisions\/2763"}],"wp:attachment":[{"href":"http:\/\/www.technotherm.com.tr\/en\/wp-json\/wp\/v2\/media?parent=7"}],"curies":[{"name":"wp","href":"https:\/\/api.w.org\/{rel}","templated":true}]}}