{"id":209,"date":"2016-03-21T12:44:23","date_gmt":"2016-03-21T10:44:23","guid":{"rendered":"http:\/\/www.technotherm.com.tr\/?page_id=209"},"modified":"2016-03-21T12:44:23","modified_gmt":"2016-03-21T10:44:23","slug":"kariyer","status":"publish","type":"page","link":"https:\/\/www.technotherm.com.tr\/en\/kariyer\/","title":{"rendered":"Kariyer"},"content":{"rendered":"<div id=\"pl-209\"  class=\"panel-layout\" ><div id=\"pg-209-0\"  class=\"panel-grid panel-no-style\" ><div id=\"pgc-209-0-0\"  class=\"panel-grid-cell\" ><div id=\"panel-209-0-0-0\" class=\"so-panel widget widget_text panel-first-child panel-last-child\" data-index=\"0\" ><h3 class=\"widget-title\">Online \u0130\u015f Ba\u015fvuru Formu<\/h3>\t\t\t<div class=\"textwidget\"><div role=\"form\" class=\"wpcf7\" id=\"wpcf7-f208-o1\" lang=\"tr-TR\" dir=\"ltr\">\n<div class=\"screen-reader-response\"><\/div>\n<form action=\"\/en\/wp-json\/wp\/v2\/pages\/209#wpcf7-f208-o1\" method=\"post\" class=\"wpcf7-form\" novalidate=\"novalidate\">\n<div style=\"display: none;\">\n<input type=\"hidden\" name=\"_wpcf7\" value=\"208\" \/>\n<input type=\"hidden\" name=\"_wpcf7_version\" value=\"4.6.1\" \/>\n<input type=\"hidden\" name=\"_wpcf7_locale\" value=\"tr_TR\" \/>\n<input type=\"hidden\" name=\"_wpcf7_unit_tag\" value=\"wpcf7-f208-o1\" \/>\n<input type=\"hidden\" name=\"_wpnonce\" value=\"f62906633d\" \/>\n<\/div>\n<p>Ad\u0131n\u0131z, Soyad\u0131n\u0131z (gerekli)<br \/>\n    <span class=\"wpcf7-form-control-wrap ad\"><input type=\"text\" name=\"ad\" value=\"\" size=\"40\" class=\"wpcf7-form-control wpcf7-text wpcf7-validates-as-required\" aria-required=\"true\" aria-invalid=\"false\" \/><\/span> <\/p>\n<p>Email (gerekli)<br \/>\n    <span class=\"wpcf7-form-control-wrap email\"><input type=\"email\" name=\"email\" value=\"\" size=\"40\" class=\"wpcf7-form-control wpcf7-text wpcf7-email wpcf7-validates-as-required wpcf7-validates-as-email\" aria-required=\"true\" aria-invalid=\"false\" \/><\/span> <\/p>\n<p>Telefon (gerekli)<br \/>\n    <span class=\"wpcf7-form-control-wrap telefon\"><input type=\"text\" name=\"telefon\" value=\"\" size=\"40\" class=\"wpcf7-form-control wpcf7-text wpcf7-validates-as-required\" aria-required=\"true\" aria-invalid=\"false\" \/><\/span> <\/p>\n<p>Adresiniz <br \/>\n    <span class=\"wpcf7-form-control-wrap adres\"><textarea name=\"adres\" cols=\"40\" rows=\"10\" class=\"wpcf7-form-control wpcf7-textarea\" aria-invalid=\"false\"><\/textarea><\/span>  <\/p>\n<p>Do\u011fum Tarihiniz<br \/>\n<span class=\"wpcf7-form-control-wrap tarih\"><input type=\"date\" name=\"tarih\" value=\"\" class=\"wpcf7-form-control wpcf7-date wpcf7-validates-as-required wpcf7-validates-as-date\" aria-required=\"true\" aria-invalid=\"false\" \/><\/span> <\/p>\n<p>Mezuniyet (gerekli)<br \/>\n<span class=\"wpcf7-form-control-wrap mezuniyet\"><select name=\"mezuniyet\" class=\"wpcf7-form-control wpcf7-select wpcf7-validates-as-required\" aria-required=\"true\" aria-invalid=\"false\"><option value=\"\">---<\/option><option value=\"\u0130lkokul\">\u0130lkokul<\/option><option value=\"Ortaokul\">Ortaokul<\/option><option value=\"Lise veya Dengi\">Lise veya Dengi<\/option><option value=\"Y\u00fcksekokul\">Y\u00fcksekokul<\/option><option value=\"\u00dcniversite\">\u00dcniversite<\/option><option value=\"Y\u00fcksek Lisans\">Y\u00fcksek Lisans<\/option><option value=\"Doktora\">Doktora<\/option><\/select><\/span><\/p>\n<p>Askerlik Durumu (gerekli)<br \/>\n<span class=\"wpcf7-form-control-wrap askerlik\"><select name=\"askerlik\" class=\"wpcf7-form-control wpcf7-select wpcf7-validates-as-required\" aria-required=\"true\" aria-invalid=\"false\"><option value=\"\">---<\/option><option value=\"Tamamland\u0131\">Tamamland\u0131<\/option><option value=\"Tecilli\">Tecilli<\/option><option value=\"Muaf\">Muaf<\/option><\/select><\/span><\/p>\n<p>Ehliyet (gerekli)<br \/>\n<span class=\"wpcf7-form-control-wrap ehliyet\"><select name=\"ehliyet\" class=\"wpcf7-form-control wpcf7-select wpcf7-validates-as-required\" aria-required=\"true\" aria-invalid=\"false\"><option value=\"\">---<\/option><option value=\"A1\">A1<\/option><option value=\"A2\">A2<\/option><option value=\"B\">B<\/option><option value=\"C\">C<\/option><option value=\"D\">D<\/option><option value=\"E\">E<\/option><\/select><\/span><\/p>\n<p>Yabanc\u0131 Dil Bilgisi<br \/>\n<span class=\"wpcf7-form-control-wrap yabancidil1\"><select name=\"yabancidil1\" class=\"wpcf7-form-control wpcf7-select\" aria-invalid=\"false\"><option value=\"\">---<\/option><option value=\"\u0130ngilizce\">\u0130ngilizce<\/option><option value=\"Almanca\">Almanca<\/option><option value=\"Frans\u0131zca\">Frans\u0131zca<\/option><option value=\"Rus\u00e7a\">Rus\u00e7a<\/option><\/select><\/span> <span class=\"wpcf7-form-control-wrap yabancidil1durum\"><select name=\"yabancidil1durum\" class=\"wpcf7-form-control wpcf7-select\" aria-invalid=\"false\"><option value=\"\">---<\/option><option value=\"\u00c7ok \u0130yi\">\u00c7ok \u0130yi<\/option><option value=\"\u0130yi\">\u0130yi<\/option><option value=\"Orta\">Orta<\/option><option value=\"K\u00f6t\u00fc\">K\u00f6t\u00fc<\/option><option value=\"\u00c7ok K\u00f6t\u00fc\">\u00c7ok K\u00f6t\u00fc<\/option><\/select><\/span> <br\/><br \/>\n<span class=\"wpcf7-form-control-wrap yabancidil2\"><select name=\"yabancidil2\" class=\"wpcf7-form-control wpcf7-select\" aria-invalid=\"false\"><option value=\"\">---<\/option><option value=\"\u0130ngilizce\">\u0130ngilizce<\/option><option value=\"Almanca\">Almanca<\/option><option value=\"Frans\u0131zca\">Frans\u0131zca<\/option><option value=\"Rus\u00e7a\">Rus\u00e7a<\/option><\/select><\/span> <span class=\"wpcf7-form-control-wrap yabancidil2durum\"><select name=\"yabancidil2durum\" class=\"wpcf7-form-control wpcf7-select\" aria-invalid=\"false\"><option value=\"\">---<\/option><option value=\"\u00c7ok \u0130yi\">\u00c7ok \u0130yi<\/option><option value=\"\u0130yi\">\u0130yi<\/option><option value=\"Orta\">Orta<\/option><option value=\"K\u00f6t\u00fc\">K\u00f6t\u00fc<\/option><option value=\"\u00c7ok K\u00f6t\u00fc\">\u00c7ok K\u00f6t\u00fc<\/option><\/select><\/span> <br\/><br \/>\n<span class=\"wpcf7-form-control-wrap yabancidil3\"><select name=\"yabancidil3\" class=\"wpcf7-form-control wpcf7-select\" aria-invalid=\"false\"><option value=\"\">---<\/option><option value=\"\u0130ngilizce\">\u0130ngilizce<\/option><option value=\"Almanca\">Almanca<\/option><option value=\"Frans\u0131zca\">Frans\u0131zca<\/option><option value=\"Rus\u00e7a\">Rus\u00e7a<\/option><\/select><\/span> <span class=\"wpcf7-form-control-wrap yabancidil3durum\"><select name=\"yabancidil3durum\" class=\"wpcf7-form-control wpcf7-select\" aria-invalid=\"false\"><option value=\"\">---<\/option><option value=\"\u00c7ok \u0130yi\">\u00c7ok \u0130yi<\/option><option value=\"\u0130yi\">\u0130yi<\/option><option value=\"Orta\">Orta<\/option><option value=\"K\u00f6t\u00fc\">K\u00f6t\u00fc<\/option><option value=\"\u00c7ok K\u00f6t\u00fc\">\u00c7ok K\u00f6t\u00fc<\/option><\/select><\/span> <br\/><\/p>\n<p>Hobileriniz<br \/>\n    <span class=\"wpcf7-form-control-wrap hobi\"><input type=\"text\" name=\"hobi\" value=\"\" size=\"40\" class=\"wpcf7-form-control wpcf7-text\" aria-invalid=\"false\" \/><\/span> <\/p>\n<div class=\"wpcf7-form-control-wrap\"><div data-sitekey=\"6Le5jRkTAAAAAN7HbdmQntlLhz1bNJxmNodfIymR\" class=\"wpcf7-form-control g-recaptcha wpcf7-recaptcha\"><\/div>\n<noscript>\n\t<div style=\"width: 302px; height: 422px;\">\n\t\t<div style=\"width: 302px; height: 422px; position: relative;\">\n\t\t\t<div style=\"width: 302px; height: 422px; position: absolute;\">\n\t\t\t\t<iframe src=\"https:\/\/www.google.com\/recaptcha\/api\/fallback?k=6Le5jRkTAAAAAN7HbdmQntlLhz1bNJxmNodfIymR\" frameborder=\"0\" scrolling=\"no\" style=\"width:100%; height:422px; border-style: none;\">\n\t\t\t\t<\/iframe>\n\t\t\t<\/div>\n\t\t\t<div style=\"width: 300px; height: 60px; border-style: none; bottom: 12px; left: 25px; margin: 0px; padding: 0px; right: 25px; background: #f9f9f9; border: 1px solid #c1c1c1; border-radius: 3px;\">\n\t\t\t\t<textarea id=\"g-recaptcha-response\" name=\"g-recaptcha-response\" class=\"g-recaptcha-response\" style=\"width: 250px; height: 40px; border: 1px solid #c1c1c1; margin: 10px 25px; padding: 0px; resize: none;\">\n\t\t\t\t<\/textarea>\n\t\t\t<\/div>\n\t\t<\/div>\n\t<\/div>\n<\/noscript>\n<\/div>\n<p>Notlar<br \/>\n    <span class=\"wpcf7-form-control-wrap notlar\"><textarea name=\"notlar\" cols=\"40\" rows=\"10\" class=\"wpcf7-form-control wpcf7-textarea\" aria-invalid=\"false\"><\/textarea><\/span> <\/p>\n<p><input type=\"submit\" value=\"G\u00f6nder\" class=\"wpcf7-form-control wpcf7-submit\" \/><\/p>\n<div class=\"wpcf7-response-output wpcf7-display-none\"><\/div><\/form><\/div><\/div>\n\t\t<\/div><\/div><\/div><\/div>","protected":false},"excerpt":{"rendered":"<p>Online \u0130\u015f Ba\u015fvuru Formu Ad\u0131n\u0131z, Soyad\u0131n\u0131z (gerekli) Email (gerekli) Telefon (gerekli) Adresiniz Do\u011fum Tarihiniz Mezuniyet (gerekli) &#8212;\u0130lkokulOrtaokulLise veya DengiY\u00fcksekokul\u00dcniversiteY\u00fcksek LisansDoktora Askerlik Durumu (gerekli) &#8212;Tamamland\u0131TecilliMuaf Ehliyet (gerekli) &#8212;A1A2BCDE Yabanc\u0131 Dil Bilgisi &#8212;\u0130ngilizceAlmancaFrans\u0131zcaRus\u00e7a &#8212;\u00c7ok \u0130yi\u0130yiOrtaK\u00f6t\u00fc\u00c7ok K\u00f6t\u00fc &#8212;\u0130ngilizceAlmancaFrans\u0131zcaRus\u00e7a &#8212;\u00c7ok \u0130yi\u0130yiOrtaK\u00f6t\u00fc\u00c7ok K\u00f6t\u00fc &#8212;\u0130ngilizceAlmancaFrans\u0131zcaRus\u00e7a &#8212;\u00c7ok \u0130yi\u0130yiOrtaK\u00f6t\u00fc\u00c7ok K\u00f6t\u00fc Hobileriniz Notlar<\/p>\n","protected":false},"author":1,"featured_media":0,"parent":0,"menu_order":0,"comment_status":"closed","ping_status":"closed","template":"g1_template_page_sidebar_left.php","meta":{"ngg_post_thumbnail":0,"footnotes":""},"class_list":["post-209","page","type-page","status-publish"],"_links":{"self":[{"href":"https:\/\/www.technotherm.com.tr\/en\/wp-json\/wp\/v2\/pages\/209","targetHints":{"allow":["GET"]}}],"collection":[{"href":"https:\/\/www.technotherm.com.tr\/en\/wp-json\/wp\/v2\/pages"}],"about":[{"href":"https:\/\/www.technotherm.com.tr\/en\/wp-json\/wp\/v2\/types\/page"}],"author":[{"embeddable":true,"href":"https:\/\/www.technotherm.com.tr\/en\/wp-json\/wp\/v2\/users\/1"}],"replies":[{"embeddable":true,"href":"https:\/\/www.technotherm.com.tr\/en\/wp-json\/wp\/v2\/comments?post=209"}],"version-history":[{"count":1,"href":"https:\/\/www.technotherm.com.tr\/en\/wp-json\/wp\/v2\/pages\/209\/revisions"}],"predecessor-version":[{"id":210,"href":"https:\/\/www.technotherm.com.tr\/en\/wp-json\/wp\/v2\/pages\/209\/revisions\/210"}],"wp:attachment":[{"href":"https:\/\/www.technotherm.com.tr\/en\/wp-json\/wp\/v2\/media?parent=209"}],"curies":[{"name":"wp","href":"https:\/\/api.w.org\/{rel}","templated":true}]}}