{"id":22,"date":"2016-02-04T12:05:02","date_gmt":"2016-02-04T10:05:02","guid":{"rendered":"http:\/\/www.technotherm.com.tr\/?page_id=22"},"modified":"2017-03-02T17:18:29","modified_gmt":"2017-03-02T15:18:29","slug":"hakkimizda","status":"publish","type":"page","link":"https:\/\/www.technotherm.com.tr\/en\/hakkimizda\/","title":{"rendered":"About Us"},"content":{"rendered":"<div id=\"pl-22\"  class=\"panel-layout\" ><div id=\"pg-22-0\"  class=\"panel-grid panel-no-style\" ><div id=\"pgc-22-0-0\"  class=\"panel-grid-cell\" ><div id=\"panel-22-0-0-0\" class=\"so-panel widget widget_sow-image panel-first-child\" data-index=\"0\" ><div\n\t\t\t\n\t\t\tclass=\"so-widget-sow-image so-widget-sow-image-default-8b5b6f678277-22\"\n\t\t\t\n\t\t>\n<div class=\"sow-image-container\">\n\t\t<img \n\tsrc=\"https:\/\/www.technotherm.com.tr\/wp-content\/uploads\/2016\/02\/hakkimizda.jpg\" width=\"650\" height=\"150\" srcset=\"https:\/\/www.technotherm.com.tr\/wp-content\/uploads\/2016\/02\/hakkimizda.jpg 650w, https:\/\/www.technotherm.com.tr\/wp-content\/uploads\/2016\/02\/hakkimizda-300x69.jpg 300w, https:\/\/www.technotherm.com.tr\/wp-content\/uploads\/2016\/02\/hakkimizda-636x147.jpg 636w, https:\/\/www.technotherm.com.tr\/wp-content\/uploads\/2016\/02\/hakkimizda-320x74.jpg 320w, https:\/\/www.technotherm.com.tr\/wp-content\/uploads\/2016\/02\/hakkimizda-239x55.jpg 239w\" sizes=\"(max-width: 650px) 100vw, 650px\" alt=\"\" \t\tclass=\"so-widget-image\"\/>\n\t<\/div>\n\n<\/div><\/div><div id=\"panel-22-0-0-1\" class=\"so-panel widget widget_text\" data-index=\"1\" >\t\t\t<div class=\"textwidget\"><p><span id=\"g1-dropcap-1\" class=\"g1-dropcap g1-dropcap--solid \" ><span>T<\/span><\/span>ECHNOTHERM ISITMA S\u0130STEMLER\u0130 SAN. VE T\u0130C. LTD. \u015eT\u0130., \u00fcr\u00fcnlerini, tecr\u00fcbesini ve i\u015f ortakl\u0131klar\u0131n\u0131, uluslararas\u0131 arenada sergilemek \u00fczere \u00fclkemizin \u00f6nde gelen sanayi kentlerinden \u00c7orlu'da kurulmu\u015ftur.<\/p>\n<p>Her t\u00fcrl\u00fc do\u011falgaz , i\u00e7me suyu , yang\u0131n tesisatlar\u0131 ile in\u015faat ve sanayide kullan\u0131lan bir\u00e7ok teknik \u00fcr\u00fcnlerden armat\u00fcrlere, paslanmaz flexlerden topraklama \u00fcr\u00fcnlerine kadar her t\u00fcrl\u00fc  malzemeye kadar kalite standartlar\u0131 y\u00fcksek ve kendi alan\u0131nda t\u00e2bir gere\u011fi kendi say\u0131s\u0131z denebilecek kadar \u00fcr\u00fcn \u00e7e\u015fidi bulunmaktad\u0131r.<\/p>\n<p>Technotherm, \u00fcr\u00fcn \u00e7e\u015fidini ve tecr\u00fcbesini co\u011frafya g\u00f6zetmeksizin sizlere ula\u015ft\u0131rmay\u0131 hedeflerinin aras\u0131na koymu\u015f, Sadece \u00c7orlu veya Trakya de\u011fil, \u00f6ncelikle do\u011fusundan bat\u0131s\u0131na, kuzeyinden g\u00fcneyine T\u00fcrkiye'nin her noktas\u0131na, sonra ise s\u0131n\u0131rlar\u0131n \u00f6tesine, Avrupa, Asya, Afrika \u00fclkelerine, k\u0131saca kalite ve \u00e7e\u015fitlilik bar\u0131nd\u0131ran \u00fcr\u00fcn gam\u0131n\u0131 ve tecr\u00fcbesini isteyen her yere, ihtiya\u00e7 duyulan her noktaya ta\u015f\u0131mak i\u00e7in yola \u00e7\u0131km\u0131\u015ft\u0131r.<\/p>\n<blockquote><p>\nTechnotherm; tecr\u00fcbeyi, kalitesinden \u00f6d\u00fcn vermeyen yakla\u015f\u0131m\u0131 ve m\u00fc\u015fteri odakl\u0131 pazarlama s\u00fcre\u00e7lerinin \u00f6nemini yurt d\u0131\u015f\u0131na ta\u015f\u0131may\u0131 ilke edinmi\u015ftir.\n<\/p><\/blockquote>\n<\/div>\n\t\t<\/div><div id=\"panel-22-0-0-2\" class=\"so-panel widget widget_text\" data-index=\"2\" >\t\t\t<div class=\"textwidget\"><div id=\"g1-divider-1\" class=\"g1-divider g1-divider--simple g1-divider--noicon \"><\/div><\/div>\n\t\t<\/div><div id=\"panel-22-0-0-3\" class=\"so-panel widget widget_text panel-last-child\" data-index=\"3\" >\t\t\t<div class=\"textwidget\"><div id=\"g1-message-1\" class=\"g1-message g1-message--info \" ><div class=\"g1-inner\">Do\u011falgaz tesisatlar\u0131, ihracat, s\u0131hhi tesisat melzemeleri, su tesisat\u0131 malzemeleri, \u00e7orlu, silivri, yang\u0131n s\u00f6nd\u00fcrme sistemleri, flex, i\u00e7me suyu sistemleri, paslanmaz flex hortum, pprc, radyat\u00f6r sistemleri, panel radyat\u00f6r, radyat\u00f6r fiyatlar\u0131 \u00e7orlu, radyat\u00f6r arkas\u0131, radyat\u00f6r vanas\u0131, radyat\u00f6r modelleri, do\u011falgaz tesisat\u00e7\u0131s\u0131, do\u011falgaz tesisat projesi, yang\u0131n s\u00f6nd\u00fcrme borular\u0131, kazakistan, rusya, bulgaristan, ihracat<\/div><\/div><\/div>\n\t\t<\/div><\/div><\/div><\/div>","protected":false},"excerpt":{"rendered":"<p>ECHNOTHERM ISITMA S\u0130STEMLER\u0130 SAN. VE T\u0130C. LTD. \u015eT\u0130., \u00fcr\u00fcnlerini, tecr\u00fcbesini ve i\u015f ortakl\u0131klar\u0131n\u0131, uluslararas\u0131 arenada sergilemek \u00fczere \u00fclkemizin \u00f6nde gelen sanayi kentlerinden \u00c7orlu&#8217;da kurulmu\u015ftur. Her t\u00fcrl\u00fc do\u011falgaz , i\u00e7me suyu , yang\u0131n tesisatlar\u0131 ile in\u015faat ve sanayide kullan\u0131lan bir\u00e7ok teknik \u00fcr\u00fcnlerden armat\u00fcrlere, paslanmaz flexlerden topraklama \u00fcr\u00fcnlerine kadar her t\u00fcrl\u00fc malzemeye kadar kalite standartlar\u0131 y\u00fcksek ve [&hellip;]<\/p>\n","protected":false},"author":1,"featured_media":0,"parent":0,"menu_order":0,"comment_status":"closed","ping_status":"closed","template":"g1_template_page_sidebar_right.php","meta":{"ngg_post_thumbnail":0,"footnotes":""},"class_list":["post-22","page","type-page","status-publish"],"_links":{"self":[{"href":"https:\/\/www.technotherm.com.tr\/en\/wp-json\/wp\/v2\/pages\/22","targetHints":{"allow":["GET"]}}],"collection":[{"href":"https:\/\/www.technotherm.com.tr\/en\/wp-json\/wp\/v2\/pages"}],"about":[{"href":"https:\/\/www.technotherm.com.tr\/en\/wp-json\/wp\/v2\/types\/page"}],"author":[{"embeddable":true,"href":"https:\/\/www.technotherm.com.tr\/en\/wp-json\/wp\/v2\/users\/1"}],"replies":[{"embeddable":true,"href":"https:\/\/www.technotherm.com.tr\/en\/wp-json\/wp\/v2\/comments?post=22"}],"version-history":[{"count":6,"href":"https:\/\/www.technotherm.com.tr\/en\/wp-json\/wp\/v2\/pages\/22\/revisions"}],"predecessor-version":[{"id":609,"href":"https:\/\/www.technotherm.com.tr\/en\/wp-json\/wp\/v2\/pages\/22\/revisions\/609"}],"wp:attachment":[{"href":"https:\/\/www.technotherm.com.tr\/en\/wp-json\/wp\/v2\/media?parent=22"}],"curies":[{"name":"wp","href":"https:\/\/api.w.org\/{rel}","templated":true}]}}