{"id":28,"date":"2016-02-04T12:08:37","date_gmt":"2016-02-04T10:08:37","guid":{"rendered":"http:\/\/www.technotherm.com.tr\/?page_id=28"},"modified":"2016-03-21T13:05:37","modified_gmt":"2016-03-21T11:05:37","slug":"is-ortaklarimiz","status":"publish","type":"page","link":"https:\/\/www.technotherm.com.tr\/en\/is-ortaklarimiz\/","title":{"rendered":"Our Partners"},"content":{"rendered":"<div id=\"pl-28\"  class=\"panel-layout\" ><div id=\"pg-28-0\"  class=\"panel-grid panel-no-style\" ><div id=\"pgc-28-0-0\"  class=\"panel-grid-cell\" ><div id=\"panel-28-0-0-0\" class=\"so-panel widget widget_sow-image panel-first-child panel-last-child\" data-index=\"0\" ><div\n\t\t\t\n\t\t\tclass=\"so-widget-sow-image so-widget-sow-image-default-8b5b6f678277-28\"\n\t\t\t\n\t\t>\n<div class=\"sow-image-container\">\n\t\t<img \n\tsrc=\"https:\/\/www.technotherm.com.tr\/wp-content\/uploads\/2016\/02\/isortaklari.jpg\" width=\"650\" height=\"150\" srcset=\"https:\/\/www.technotherm.com.tr\/wp-content\/uploads\/2016\/02\/isortaklari.jpg 650w, https:\/\/www.technotherm.com.tr\/wp-content\/uploads\/2016\/02\/isortaklari-300x69.jpg 300w, https:\/\/www.technotherm.com.tr\/wp-content\/uploads\/2016\/02\/isortaklari-636x147.jpg 636w, https:\/\/www.technotherm.com.tr\/wp-content\/uploads\/2016\/02\/isortaklari-320x74.jpg 320w, https:\/\/www.technotherm.com.tr\/wp-content\/uploads\/2016\/02\/isortaklari-239x55.jpg 239w\" sizes=\"(max-width: 650px) 100vw, 650px\" alt=\"\" \t\tclass=\"so-widget-image\"\/>\n\t<\/div>\n\n<\/div><\/div><\/div><\/div><div id=\"pg-28-1\"  class=\"panel-grid panel-no-style\" ><div id=\"pgc-28-1-0\"  class=\"panel-grid-cell\" ><div id=\"panel-28-1-0-0\" class=\"so-panel widget widget_sow-image panel-first-child panel-last-child\" data-index=\"1\" ><div\n\t\t\t\n\t\t\tclass=\"so-widget-sow-image so-widget-sow-image-default-8b5b6f678277-28\"\n\t\t\t\n\t\t>\n<div class=\"sow-image-container\">\n\t\t<img \n\tsrc=\"https:\/\/www.technotherm.com.tr\/wp-content\/uploads\/2016\/02\/Kas_Logo.jpg\" width=\"308\" height=\"231\" srcset=\"https:\/\/www.technotherm.com.tr\/wp-content\/uploads\/2016\/02\/Kas_Logo.jpg 308w, https:\/\/www.technotherm.com.tr\/wp-content\/uploads\/2016\/02\/Kas_Logo-300x225.jpg 300w, https:\/\/www.technotherm.com.tr\/wp-content\/uploads\/2016\/02\/Kas_Logo-239x179.jpg 239w\" sizes=\"(max-width: 308px) 100vw, 308px\" title=\"KASPA A.\u015e.\" alt=\"\" \t\tclass=\"so-widget-image\"\/>\n\t<\/div>\n\n<h3 class=\"widget-title\">KASPA A.\u015e.<\/h3><\/div><\/div><\/div><div id=\"pgc-28-1-1\"  class=\"panel-grid-cell\" ><div id=\"panel-28-1-1-0\" class=\"so-panel widget widget_sow-image panel-first-child panel-last-child\" data-index=\"2\" ><div\n\t\t\t\n\t\t\tclass=\"so-widget-sow-image so-widget-sow-image-default-8b5b6f678277-28\"\n\t\t\t\n\t\t>\n<div class=\"sow-image-container\">\n\t\t<img \n\tsrc=\"https:\/\/www.technotherm.com.tr\/wp-content\/uploads\/2016\/02\/Emko_Logo.jpg\" width=\"308\" height=\"231\" srcset=\"https:\/\/www.technotherm.com.tr\/wp-content\/uploads\/2016\/02\/Emko_Logo.jpg 308w, https:\/\/www.technotherm.com.tr\/wp-content\/uploads\/2016\/02\/Emko_Logo-300x225.jpg 300w, https:\/\/www.technotherm.com.tr\/wp-content\/uploads\/2016\/02\/Emko_Logo-239x179.jpg 239w\" sizes=\"(max-width: 308px) 100vw, 308px\" title=\"Emko A.\u015e.\" alt=\"\" \t\tclass=\"so-widget-image\"\/>\n\t<\/div>\n\n<h3 class=\"widget-title\">Emko A.\u015e.<\/h3><\/div><\/div><\/div><\/div><div id=\"pg-28-2\"  class=\"panel-grid panel-no-style\" ><div id=\"pgc-28-2-0\"  class=\"panel-grid-cell\" ><div id=\"panel-28-2-0-0\" class=\"so-panel widget widget_text panel-first-child\" data-index=\"3\" >\t\t\t<div class=\"textwidget\"><div id=\"g1-divider-1\" class=\"g1-divider g1-divider--simple g1-divider--noicon \"><\/div><\/div>\n\t\t<\/div><div id=\"panel-28-2-0-1\" class=\"so-panel widget widget_text panel-last-child\" data-index=\"4\" >\t\t\t<div class=\"textwidget\"><div id=\"g1-message-1\" class=\"g1-message g1-message--info \" ><div class=\"g1-inner\">Do\u011falgaz tesisatlar\u0131, ihracat, s\u0131hhi tesisat melzemeleri, su tesisat\u0131 malzemeleri, \u00e7orlu, silivri, yang\u0131n s\u00f6nd\u00fcrme sistemleri, flex, i\u00e7me suyu sistemleri, paslanmaz flex hortum, pprc, radyat\u00f6r sistemleri, panel radyat\u00f6r, radyat\u00f6r fiyatlar\u0131 \u00e7orlu, radyat\u00f6r arkas\u0131, radyat\u00f6r vanas\u0131, radyat\u00f6r modelleri, do\u011falgaz tesisat\u00e7\u0131s\u0131, do\u011falgaz tesisat projesi, yang\u0131n s\u00f6nd\u00fcrme borular\u0131, kazakistan, rusya, bulgaristan, ihracat, Emko Is\u0131, KAS D\u0131\u015f Ticaret<\/div><\/div><\/div>\n\t\t<\/div><\/div><\/div><\/div>","protected":false},"excerpt":{"rendered":"<p>KASPA A.\u015e. Emko A.\u015e. Do\u011falgaz tesisatlar\u0131, ihracat, s\u0131hhi tesisat melzemeleri, su tesisat\u0131 malzemeleri, \u00e7orlu, silivri, yang\u0131n s\u00f6nd\u00fcrme sistemleri, flex, i\u00e7me suyu sistemleri, paslanmaz flex hortum, pprc, radyat\u00f6r sistemleri, panel radyat\u00f6r, radyat\u00f6r fiyatlar\u0131 \u00e7orlu, radyat\u00f6r arkas\u0131, radyat\u00f6r vanas\u0131, radyat\u00f6r modelleri, do\u011falgaz tesisat\u00e7\u0131s\u0131, do\u011falgaz tesisat projesi, yang\u0131n s\u00f6nd\u00fcrme borular\u0131, kazakistan, rusya, bulgaristan, ihracat, Emko Is\u0131, KAS D\u0131\u015f [&hellip;]<\/p>\n","protected":false},"author":1,"featured_media":0,"parent":0,"menu_order":0,"comment_status":"closed","ping_status":"closed","template":"g1_template_page_sidebar_right.php","meta":{"ngg_post_thumbnail":0,"footnotes":""},"class_list":["post-28","page","type-page","status-publish"],"_links":{"self":[{"href":"https:\/\/www.technotherm.com.tr\/en\/wp-json\/wp\/v2\/pages\/28","targetHints":{"allow":["GET"]}}],"collection":[{"href":"https:\/\/www.technotherm.com.tr\/en\/wp-json\/wp\/v2\/pages"}],"about":[{"href":"https:\/\/www.technotherm.com.tr\/en\/wp-json\/wp\/v2\/types\/page"}],"author":[{"embeddable":true,"href":"https:\/\/www.technotherm.com.tr\/en\/wp-json\/wp\/v2\/users\/1"}],"replies":[{"embeddable":true,"href":"https:\/\/www.technotherm.com.tr\/en\/wp-json\/wp\/v2\/comments?post=28"}],"version-history":[{"count":4,"href":"https:\/\/www.technotherm.com.tr\/en\/wp-json\/wp\/v2\/pages\/28\/revisions"}],"predecessor-version":[{"id":217,"href":"https:\/\/www.technotherm.com.tr\/en\/wp-json\/wp\/v2\/pages\/28\/revisions\/217"}],"wp:attachment":[{"href":"https:\/\/www.technotherm.com.tr\/en\/wp-json\/wp\/v2\/media?parent=28"}],"curies":[{"name":"wp","href":"https:\/\/api.w.org\/{rel}","templated":true}]}}